{"id":109,"date":"2019-08-27T09:21:22","date_gmt":"2019-08-27T12:21:22","guid":{"rendered":"http:\/\/localhost\/abee\/?page_id=109"},"modified":"2021-09-29T16:04:32","modified_gmt":"2021-09-29T19:04:32","slug":"cursos-e-eventos","status":"publish","type":"page","link":"https:\/\/abee-mg.com.br\/abee\/?page_id=109","title":{"rendered":"Cursos e Eventos"},"content":{"rendered":"\n<p>Inicia-se a Jornada ABEE de cursos<\/p>\n\n\n\n<p>Curso 1 da Jornada ABEE-MG &#8211; Aterramento de instala\u00e7\u00f5es El\u00e9tricas. <\/p>\n\n\n\n<p><\/p>\n\n\n\n<p>Maiores informa\u00e7\u00f5es no email:  <strong>eventos@abee-mg.com.br<\/strong> <\/p>\n\n\n\n<p>Acesse a seguir o Link para acesso ao curso ap\u00f3s a inscri\u00e7\u00e3o: <\/p>\n\n\n\n<figure class=\"wp-block-embed\"><div class=\"wp-block-embed__wrapper\">\nhttps:\/\/event.webinarjam.com\/login\/zqmgza0mux8uz9igz97f2\n<\/div><\/figure>\n\n\n\n<p>Link para ace<\/p>\n","protected":false},"excerpt":{"rendered":"<p>Inicia-se a Jornada ABEE de cursos Curso 1 da Jornada ABEE-MG &#8211; Aterramento de instala\u00e7\u00f5es El\u00e9tricas. Maiores informa\u00e7\u00f5es no email: eventos@abee-mg.com.br Acesse a seguir o Link<span class=\"excerpt-hellip\"> [\u2026]<\/span><\/p>\n","protected":false},"author":5,"featured_media":0,"parent":220,"menu_order":0,"comment_status":"closed","ping_status":"closed","template":"","meta":{"footnotes":""},"class_list":["post-109","page","type-page","status-publish","hentry"],"_links":{"self":[{"href":"https:\/\/abee-mg.com.br\/abee\/index.php?rest_route=\/wp\/v2\/pages\/109","targetHints":{"allow":["GET"]}}],"collection":[{"href":"https:\/\/abee-mg.com.br\/abee\/index.php?rest_route=\/wp\/v2\/pages"}],"about":[{"href":"https:\/\/abee-mg.com.br\/abee\/index.php?rest_route=\/wp\/v2\/types\/page"}],"author":[{"embeddable":true,"href":"https:\/\/abee-mg.com.br\/abee\/index.php?rest_route=\/wp\/v2\/users\/5"}],"replies":[{"embeddable":true,"href":"https:\/\/abee-mg.com.br\/abee\/index.php?rest_route=%2Fwp%2Fv2%2Fcomments&post=109"}],"version-history":[{"count":3,"href":"https:\/\/abee-mg.com.br\/abee\/index.php?rest_route=\/wp\/v2\/pages\/109\/revisions"}],"predecessor-version":[{"id":669,"href":"https:\/\/abee-mg.com.br\/abee\/index.php?rest_route=\/wp\/v2\/pages\/109\/revisions\/669"}],"up":[{"embeddable":true,"href":"https:\/\/abee-mg.com.br\/abee\/index.php?rest_route=\/wp\/v2\/pages\/220"}],"wp:attachment":[{"href":"https:\/\/abee-mg.com.br\/abee\/index.php?rest_route=%2Fwp%2Fv2%2Fmedia&parent=109"}],"curies":[{"name":"wp","href":"https:\/\/api.w.org\/{rel}","templated":true}]}}