{"id":125,"date":"2019-08-27T09:33:34","date_gmt":"2019-08-27T12:33:34","guid":{"rendered":"http:\/\/localhost\/abee\/?page_id=125"},"modified":"2019-08-27T09:51:14","modified_gmt":"2019-08-27T12:51:14","slug":"missao","status":"publish","type":"page","link":"https:\/\/abee-mg.com.br\/abee\/?page_id=125","title":{"rendered":"Miss\u00e3o"},"content":{"rendered":"\n<p>Atuar na defesa e valoriza\u00e7\u00e3o dos profissionais da \u00e1rea da engenharia el\u00e9trica de todas as suas modalidades, promovendo interc\u00e2mbio com as demais entidades, inclusive com o sistema CONFEA\/CREA, e com as empresas do setor, visando sempre a seguran\u00e7a e qualidade de vida da sociedade.<\/p>\n","protected":false},"excerpt":{"rendered":"<p>Atuar na defesa e valoriza\u00e7\u00e3o dos profissionais da \u00e1rea da engenharia el\u00e9trica de todas as suas modalidades, promovendo interc\u00e2mbio com as demais entidades, inclusive com o<span class=\"excerpt-hellip\"> [\u2026]<\/span><\/p>\n","protected":false},"author":5,"featured_media":0,"parent":123,"menu_order":0,"comment_status":"closed","ping_status":"closed","template":"","meta":{"footnotes":""},"class_list":["post-125","page","type-page","status-publish","hentry"],"_links":{"self":[{"href":"https:\/\/abee-mg.com.br\/abee\/index.php?rest_route=\/wp\/v2\/pages\/125","targetHints":{"allow":["GET"]}}],"collection":[{"href":"https:\/\/abee-mg.com.br\/abee\/index.php?rest_route=\/wp\/v2\/pages"}],"about":[{"href":"https:\/\/abee-mg.com.br\/abee\/index.php?rest_route=\/wp\/v2\/types\/page"}],"author":[{"embeddable":true,"href":"https:\/\/abee-mg.com.br\/abee\/index.php?rest_route=\/wp\/v2\/users\/5"}],"replies":[{"embeddable":true,"href":"https:\/\/abee-mg.com.br\/abee\/index.php?rest_route=%2Fwp%2Fv2%2Fcomments&post=125"}],"version-history":[{"count":3,"href":"https:\/\/abee-mg.com.br\/abee\/index.php?rest_route=\/wp\/v2\/pages\/125\/revisions"}],"predecessor-version":[{"id":164,"href":"https:\/\/abee-mg.com.br\/abee\/index.php?rest_route=\/wp\/v2\/pages\/125\/revisions\/164"}],"up":[{"embeddable":true,"href":"https:\/\/abee-mg.com.br\/abee\/index.php?rest_route=\/wp\/v2\/pages\/123"}],"wp:attachment":[{"href":"https:\/\/abee-mg.com.br\/abee\/index.php?rest_route=%2Fwp%2Fv2%2Fmedia&parent=125"}],"curies":[{"name":"wp","href":"https:\/\/api.w.org\/{rel}","templated":true}]}}