{"id":128,"date":"2019-08-27T09:36:11","date_gmt":"2019-08-27T12:36:11","guid":{"rendered":"http:\/\/localhost\/abee\/?page_id=128"},"modified":"2019-08-27T09:50:57","modified_gmt":"2019-08-27T12:50:57","slug":"visao","status":"publish","type":"page","link":"https:\/\/abee-mg.com.br\/abee\/?page_id=128","title":{"rendered":"Vis\u00e3o"},"content":{"rendered":"\n<p>Ser reconhecida como uma associa\u00e7\u00e3o representativa, de visibilidade estadual e com credibilidade perante os profissionais e empresas da \u00e1rea tecnol\u00f3gica, pela sua atua\u00e7\u00e3o e compromisso.<\/p>\n","protected":false},"excerpt":{"rendered":"<p>Ser reconhecida como uma associa\u00e7\u00e3o representativa, de visibilidade estadual e com credibilidade perante os profissionais e empresas da \u00e1rea tecnol\u00f3gica, pela sua atua\u00e7\u00e3o e compromisso.<\/p>\n","protected":false},"author":5,"featured_media":0,"parent":123,"menu_order":0,"comment_status":"closed","ping_status":"closed","template":"","meta":{"footnotes":""},"class_list":["post-128","page","type-page","status-publish","hentry"],"_links":{"self":[{"href":"https:\/\/abee-mg.com.br\/abee\/index.php?rest_route=\/wp\/v2\/pages\/128","targetHints":{"allow":["GET"]}}],"collection":[{"href":"https:\/\/abee-mg.com.br\/abee\/index.php?rest_route=\/wp\/v2\/pages"}],"about":[{"href":"https:\/\/abee-mg.com.br\/abee\/index.php?rest_route=\/wp\/v2\/types\/page"}],"author":[{"embeddable":true,"href":"https:\/\/abee-mg.com.br\/abee\/index.php?rest_route=\/wp\/v2\/users\/5"}],"replies":[{"embeddable":true,"href":"https:\/\/abee-mg.com.br\/abee\/index.php?rest_route=%2Fwp%2Fv2%2Fcomments&post=128"}],"version-history":[{"count":2,"href":"https:\/\/abee-mg.com.br\/abee\/index.php?rest_route=\/wp\/v2\/pages\/128\/revisions"}],"predecessor-version":[{"id":151,"href":"https:\/\/abee-mg.com.br\/abee\/index.php?rest_route=\/wp\/v2\/pages\/128\/revisions\/151"}],"up":[{"embeddable":true,"href":"https:\/\/abee-mg.com.br\/abee\/index.php?rest_route=\/wp\/v2\/pages\/123"}],"wp:attachment":[{"href":"https:\/\/abee-mg.com.br\/abee\/index.php?rest_route=%2Fwp%2Fv2%2Fmedia&parent=128"}],"curies":[{"name":"wp","href":"https:\/\/api.w.org\/{rel}","templated":true}]}}